{"id":2146,"date":"2021-07-21T09:53:36","date_gmt":"2021-07-21T09:53:36","guid":{"rendered":"http:\/\/nszvk.hu\/?page_id=2146"},"modified":"2023-02-21T08:28:19","modified_gmt":"2023-02-21T08:28:19","slug":"ismetelt-felhivas","status":"publish","type":"page","link":"http:\/\/nszvk.hu\/?page_id=2146","title":{"rendered":"P\u00e1ly\u00e1zati felh\u00edv\u00e1s"},"content":{"rendered":"<p>[vc_row][vc_column][vc_column_text]<\/p>\n<h2 style=\"text-align: center; margin-bottom: 60px;\">P\u00e1ly\u00e1zati felh\u00edv\u00e1s vizsg\u00e1ztat\u00f3k\/szak\u00e9rt\u0151k r\u00e9sz\u00e9re<\/h2>\n<h4 style=\"text-align: center; margin-bottom: 40px;\"><em>Tisztelt leend\u0151 Koll\u00e9g\u00e1k!<\/em><\/h4>\n<p style=\"text-align: center;\">K\u00f6sz\u00f6nj\u00fck azoknak, akik megtisztelt\u00e9k a Nagykanizsai Szakmai Vizsgak\u00f6zpontot azzal, hogy beadt\u00e1k p\u00e1ly\u00e1zatukat \u00e9s seg\u00edtik munk\u00e1nkat!<\/p>\n<p style=\"text-align: center;\">Felh\u00edvjuk sz\u00edves figyelm\u00fcket, hogy b\u0151v\u00edtj\u00fck vizsgatev\u00e9kenys\u00e9g\u00fcnket a mell\u00e9kelt szakm\u00e1kkal, szakk\u00e9pes\u00edt\u00e9sekkel, melyek tekintet\u00e9ben k\u00f6zz\u00e9tessz\u00fck p\u00e1ly\u00e1zati felh\u00edv\u00e1sunkat.<\/p>\n<p style=\"text-align: center;\">Akik m\u00e1r szerepelnek szak\u00e9rt\u0151i\/vizsg\u00e1ztat\u00f3i n\u00e9vjegyz\u00e9k\u00fcnkben, a p\u00e1ly\u00e1zatban el\u0151\u00edrt mell\u00e9kletek helyett elegend\u0151 a \u201eK\u00e9relem\u201d nyomtatv\u00e1ny kit\u00f6lt\u00e9se \u00e9s megk\u00fcld\u00e9se<\/p>\n<p style=\"text-align: center;\"><strong>A p\u00e1ly\u00e1zat bead\u00e1si hat\u00e1rideje: folyamatos, az \u00faj szakm\u00e1kra\/szakk\u00e9pes\u00edt\u00e9sekre: 2023. m\u00e1rcius 15.<\/strong><\/p>\n<p style=\"text-align: center;\">V\u00e1rjuk jelentkez\u00e9s\u00fcket!<\/p>\n<p style=\"text-align: right; margin-top: 60px;\"><strong><em>K\u00f6sz\u00f6nettel:<\/em><\/strong><\/p>\n<p style=\"text-align: right; margin-top: -15px;\"><strong><em>Knausz L\u00edvia <\/em><\/strong><\/p>\n<p style=\"text-align: right; margin-top: -25px;\"><em>vizsgak\u00f6zpont-vezet\u0151 <\/em><\/p>\n<p>[\/vc_column_text][vc_column_text]<\/p>\n<h2 style=\"text-align: center; margin-bottom: 60px; margin-top: 80px;\">Mell\u00e9kelt dokumentumok<\/h2>\n<h3 style=\"text-align: center;\">1. sz. mell\u00e9klet <a href=\"http:\/\/nszvk.hu\/dokumentumok\/1.sz.melleklet-2023.xlsx\">LET\u00d6LT\u00c9S<\/a><\/h3>\n<h3 style=\"text-align: center;\">Adatkezel\u00e9si t\u00e1j\u00e9koztat\u00f3 \u00e9s hozz\u00e1j\u00e1rul\u00f3 nyilatkozat <a href=\"http:\/\/nszvk.hu\/dokumentumok\/adatkezelesi-tajekoztato.pdf\" target=\"_blank\" rel=\"noopener\">LET\u00d6LT\u00c9S<\/a><\/h3>\n<h3 style=\"text-align: center;\">\u201eK\u00e9relem\u201d nyomtatv\u00e1ny <a href=\"http:\/\/nszvk.hu\/dokumentumok\/Kerelem.docx\">LET\u00d6LT\u00c9S<\/a><\/h3>\n<h3 style=\"text-align: center;\">P\u00e1ly\u00e1zati felh\u00edv\u00e1s &#8211; szak\u00e9rt\u0151i n\u00e9vjegyz\u00e9k <a href=\"http:\/\/nszvk.hu\/dokumentumok\/palyazati-felhivas-szakertoi.pdf\" target=\"_blank\" rel=\"noopener\">LET\u00d6LT\u00c9S<\/a><\/h3>\n<h3 style=\"text-align: center;\">P\u00e1ly\u00e1zati felh\u00edv\u00e1s &#8211; vizsg\u00e1ztat\u00f3i n\u00e9vjegyz\u00e9k <a href=\"http:\/\/nszvk.hu\/dokumentumok\/palyazati-felhivas-vizsgaztatoi.pdf\" target=\"_blank\" rel=\"noopener\">LET\u00d6LT\u00c9S<\/a><\/h3>\n<h3 style=\"text-align: center;\">Regisztr\u00e1ci\u00f3s lap &#8211; szak\u00e9rt\u0151i <a href=\"http:\/\/nszvk.hu\/dokumentumok\/regisztracios-lap-szakertoi.docx\">LET\u00d6LT\u00c9S<\/a><\/h3>\n<h3 style=\"text-align: center;\">Regisztr\u00e1ci\u00f3s lap &#8211; vizsg\u00e1ztat\u00f3i <a href=\"http:\/\/nszvk.hu\/dokumentumok\/regisztracios-lap-vizsgaztatoi.docx\">LET\u00d6LT\u00c9S<\/a><\/h3>\n<p>[\/vc_column_text][\/vc_column][\/vc_row]<\/p>\n","protected":false},"excerpt":{"rendered":"<p>[vc_row][vc_column][vc_column_text] P\u00e1ly\u00e1zati felh\u00edv\u00e1s vizsg\u00e1ztat\u00f3k\/szak\u00e9rt\u0151k r\u00e9sz\u00e9re Tisztelt leend\u0151 Koll\u00e9g\u00e1k! K\u00f6sz\u00f6nj\u00fck azoknak, akik megtisztelt\u00e9k a Nagykanizsai Szakmai Vizsgak\u00f6zpontot azzal, hogy beadt\u00e1k p\u00e1ly\u00e1zatukat \u00e9s seg\u00edtik munk\u00e1nkat! Felh\u00edvjuk sz\u00edves figyelm\u00fcket, hogy b\u0151v\u00edtj\u00fck vizsgatev\u00e9kenys\u00e9g\u00fcnket a mell\u00e9kelt szakm\u00e1kkal, szakk\u00e9pes\u00edt\u00e9sekkel, melyek tekintet\u00e9ben k\u00f6zz\u00e9tessz\u00fck p\u00e1ly\u00e1zati felh\u00edv\u00e1sunkat. Akik m\u00e1r szerepelnek szak\u00e9rt\u0151i\/vizsg\u00e1ztat\u00f3i n\u00e9vjegyz\u00e9k\u00fcnkben, a p\u00e1ly\u00e1zatban el\u0151\u00edrt mell\u00e9kletek helyett elegend\u0151 a \u201eK\u00e9relem\u201d nyomtatv\u00e1ny kit\u00f6lt\u00e9se \u00e9s megk\u00fcld\u00e9se [&hellip;]<\/p>\n","protected":false},"author":1,"featured_media":0,"parent":0,"menu_order":0,"comment_status":"closed","ping_status":"closed","template":"","meta":[],"_links":{"self":[{"href":"http:\/\/nszvk.hu\/index.php?rest_route=\/wp\/v2\/pages\/2146"}],"collection":[{"href":"http:\/\/nszvk.hu\/index.php?rest_route=\/wp\/v2\/pages"}],"about":[{"href":"http:\/\/nszvk.hu\/index.php?rest_route=\/wp\/v2\/types\/page"}],"author":[{"embeddable":true,"href":"http:\/\/nszvk.hu\/index.php?rest_route=\/wp\/v2\/users\/1"}],"replies":[{"embeddable":true,"href":"http:\/\/nszvk.hu\/index.php?rest_route=%2Fwp%2Fv2%2Fcomments&post=2146"}],"version-history":[{"count":21,"href":"http:\/\/nszvk.hu\/index.php?rest_route=\/wp\/v2\/pages\/2146\/revisions"}],"predecessor-version":[{"id":2818,"href":"http:\/\/nszvk.hu\/index.php?rest_route=\/wp\/v2\/pages\/2146\/revisions\/2818"}],"wp:attachment":[{"href":"http:\/\/nszvk.hu\/index.php?rest_route=%2Fwp%2Fv2%2Fmedia&parent=2146"}],"curies":[{"name":"wp","href":"https:\/\/api.w.org\/{rel}","templated":true}]}}