{"id":2162,"date":"2021-09-06T08:23:01","date_gmt":"2021-09-06T08:23:01","guid":{"rendered":"http:\/\/nszvk.hu\/?page_id=2162"},"modified":"2025-10-01T15:11:50","modified_gmt":"2025-10-01T15:11:50","slug":"palyazati-felhivas-szakertoi","status":"publish","type":"page","link":"http:\/\/nszvk.hu\/?page_id=2162","title":{"rendered":"P\u00e1ly\u00e1zati felh\u00edv\u00e1s &#8211; Szak\u00e9rt\u0151i"},"content":{"rendered":"<p>[vc_row][vc_column][vc_column_text]<\/p>\n<h3 style=\"text-align: center;\">Adatkezel\u00e9si t\u00e1j\u00e9koztat\u00f3 \u00e9s hozz\u00e1j\u00e1rul\u00f3 nyilatkozat <a href=\"http:\/\/nszvk.hu\/dokumentumok\/adatkezelesi-tajekoztato-szakertoi.pdf\" target=\"_blank\" rel=\"noopener\">LET\u00d6LT\u00c9S<\/a><\/h3>\n<h3 style=\"text-align: center;\">P\u00e1ly\u00e1zati felh\u00edv\u00e1s &#8211; szak\u00e9rt\u0151i n\u00e9vjegyz\u00e9k <a href=\"http:\/\/nszvk.hu\/dokumentumok\/palyazati-felhivas-szakertoi.pdf\" target=\"_blank\" rel=\"noopener\">LET\u00d6LT\u00c9S<\/a><\/h3>\n<h3 style=\"text-align: center;\">Regisztr\u00e1ci\u00f3s lap <a href=\"http:\/\/nszvk.hu\/dokumentumok\/regisztracios-lap-szakertoi.docx\">LET\u00d6LT\u00c9S<\/a><\/h3>\n<h3 style=\"text-align: center;\">1. sz. mell\u00e9klet <a href=\"http:\/\/nszvk.hu\/dokumentumok\/1.sz.melleklet-szakertoi.pdf\" target=\"_blank\" rel=\"noopener\">LET\u00d6LT\u00c9S<\/a><\/h3>\n<p>[\/vc_column_text][\/vc_column][\/vc_row][vc_row][vc_column][vc_empty_space height=&#8221;100px&#8221;][\/vc_column][\/vc_row]<\/p>\n","protected":false},"excerpt":{"rendered":"<p>[vc_row][vc_column][vc_column_text] Adatkezel\u00e9si t\u00e1j\u00e9koztat\u00f3 \u00e9s hozz\u00e1j\u00e1rul\u00f3 nyilatkozat LET\u00d6LT\u00c9S P\u00e1ly\u00e1zati felh\u00edv\u00e1s &#8211; szak\u00e9rt\u0151i n\u00e9vjegyz\u00e9k LET\u00d6LT\u00c9S Regisztr\u00e1ci\u00f3s lap LET\u00d6LT\u00c9S 1. sz. mell\u00e9klet LET\u00d6LT\u00c9S [\/vc_column_text][\/vc_column][\/vc_row][vc_row][vc_column][vc_empty_space height=&#8221;100px&#8221;][\/vc_column][\/vc_row]<\/p>\n","protected":false},"author":1,"featured_media":0,"parent":0,"menu_order":0,"comment_status":"closed","ping_status":"closed","template":"","meta":[],"_links":{"self":[{"href":"http:\/\/nszvk.hu\/index.php?rest_route=\/wp\/v2\/pages\/2162"}],"collection":[{"href":"http:\/\/nszvk.hu\/index.php?rest_route=\/wp\/v2\/pages"}],"about":[{"href":"http:\/\/nszvk.hu\/index.php?rest_route=\/wp\/v2\/types\/page"}],"author":[{"embeddable":true,"href":"http:\/\/nszvk.hu\/index.php?rest_route=\/wp\/v2\/users\/1"}],"replies":[{"embeddable":true,"href":"http:\/\/nszvk.hu\/index.php?rest_route=%2Fwp%2Fv2%2Fcomments&post=2162"}],"version-history":[{"count":10,"href":"http:\/\/nszvk.hu\/index.php?rest_route=\/wp\/v2\/pages\/2162\/revisions"}],"predecessor-version":[{"id":4042,"href":"http:\/\/nszvk.hu\/index.php?rest_route=\/wp\/v2\/pages\/2162\/revisions\/4042"}],"wp:attachment":[{"href":"http:\/\/nszvk.hu\/index.php?rest_route=%2Fwp%2Fv2%2Fmedia&parent=2162"}],"curies":[{"name":"wp","href":"https:\/\/api.w.org\/{rel}","templated":true}]}}