{"id":2174,"date":"2021-10-11T06:34:31","date_gmt":"2021-10-11T06:34:31","guid":{"rendered":"http:\/\/nszvk.hu\/?page_id=2174"},"modified":"2025-10-01T15:13:05","modified_gmt":"2025-10-01T15:13:05","slug":"palyazati-felhivas-vizsgahelyszinek","status":"publish","type":"page","link":"http:\/\/nszvk.hu\/?page_id=2174","title":{"rendered":"P\u00e1ly\u00e1zati felh\u00edv\u00e1s &#8211; Vizsgahelysz\u00ednek"},"content":{"rendered":"<p>[vc_row][vc_column][vc_column_text]<\/p>\n<h3 style=\"text-align: center;\">Adatkezel\u00e9si t\u00e1j\u00e9koztat\u00f3 \u00e9s hozz\u00e1j\u00e1rul\u00f3 nyilatkozat <a href=\"http:\/\/nszvk.hu\/dokumentumok\/adatkezelesi-tajekoztato-vizsgahelyszin.pdf\" target=\"_blank\" rel=\"noopener\">LET\u00d6LT\u00c9S<\/a><\/h3>\n<h3 style=\"text-align: center;\">P\u00e1ly\u00e1zati felh\u00edv\u00e1s &#8211; vizsgahelysz\u00ednek <a href=\"http:\/\/nszvk.hu\/dokumentumok\/palyazati-felhivas-vizsgahelyszinek.pdf\" target=\"_blank\" rel=\"noopener\">LET\u00d6LT\u00c9S<\/a><\/h3>\n<h3 style=\"text-align: center;\">Sz\u00e1nd\u00e9knyilatkozat <a href=\"http:\/\/nszvk.hu\/dokumentumok\/szandeknyilatkozat.pdf\" target=\"_blank\" rel=\"noopener\">LET\u00d6LT\u00c9S<\/a><\/h3>\n<h3 style=\"text-align: center;\">1. sz. mell\u00e9klet <a href=\"http:\/\/nszvk.hu\/dokumentumok\/1.sz.melleklet-vizsgahelyszinek.pdf\" target=\"_blank\" rel=\"noopener\">LET\u00d6LT\u00c9S<\/a><\/h3>\n<p>[\/vc_column_text][\/vc_column][\/vc_row][vc_row][vc_column][vc_empty_space height=&#8221;100px&#8221;][\/vc_column][\/vc_row]<\/p>\n","protected":false},"excerpt":{"rendered":"<p>[vc_row][vc_column][vc_column_text] Adatkezel\u00e9si t\u00e1j\u00e9koztat\u00f3 \u00e9s hozz\u00e1j\u00e1rul\u00f3 nyilatkozat LET\u00d6LT\u00c9S P\u00e1ly\u00e1zati felh\u00edv\u00e1s &#8211; vizsgahelysz\u00ednek LET\u00d6LT\u00c9S Sz\u00e1nd\u00e9knyilatkozat LET\u00d6LT\u00c9S 1. sz. mell\u00e9klet LET\u00d6LT\u00c9S [\/vc_column_text][\/vc_column][\/vc_row][vc_row][vc_column][vc_empty_space height=&#8221;100px&#8221;][\/vc_column][\/vc_row]<\/p>\n","protected":false},"author":1,"featured_media":0,"parent":0,"menu_order":0,"comment_status":"closed","ping_status":"closed","template":"","meta":[],"_links":{"self":[{"href":"http:\/\/nszvk.hu\/index.php?rest_route=\/wp\/v2\/pages\/2174"}],"collection":[{"href":"http:\/\/nszvk.hu\/index.php?rest_route=\/wp\/v2\/pages"}],"about":[{"href":"http:\/\/nszvk.hu\/index.php?rest_route=\/wp\/v2\/types\/page"}],"author":[{"embeddable":true,"href":"http:\/\/nszvk.hu\/index.php?rest_route=\/wp\/v2\/users\/1"}],"replies":[{"embeddable":true,"href":"http:\/\/nszvk.hu\/index.php?rest_route=%2Fwp%2Fv2%2Fcomments&post=2174"}],"version-history":[{"count":11,"href":"http:\/\/nszvk.hu\/index.php?rest_route=\/wp\/v2\/pages\/2174\/revisions"}],"predecessor-version":[{"id":4043,"href":"http:\/\/nszvk.hu\/index.php?rest_route=\/wp\/v2\/pages\/2174\/revisions\/4043"}],"wp:attachment":[{"href":"http:\/\/nszvk.hu\/index.php?rest_route=%2Fwp%2Fv2%2Fmedia&parent=2174"}],"curies":[{"name":"wp","href":"https:\/\/api.w.org\/{rel}","templated":true}]}}