{"id":2398,"date":"2022-01-07T15:36:57","date_gmt":"2022-01-07T15:36:57","guid":{"rendered":"http:\/\/nszvk.hu\/?page_id=2398"},"modified":"2025-09-11T08:03:54","modified_gmt":"2025-09-11T08:03:54","slug":"jelentkezoknek","status":"publish","type":"page","link":"http:\/\/nszvk.hu\/?page_id=2398","title":{"rendered":"K\u00e9pes\u00edt\u0151 vizsga"},"content":{"rendered":"<p>[vc_row][vc_column][vc_column_text]<\/p>\n<h3 style=\"text-align: center;\">Felment\u00e9si k\u00e9relem (*.pdf) <a href=\"http:\/\/nszvk.hu\/dokumentumok\/felmentesi-kerelem.pdf\" target=\"_blank\" rel=\"noopener\">LET\u00d6LT\u00c9S<\/a><\/h3>\n<h3 style=\"text-align: center;\">Jelentkez\u00e9si lap k\u00e9pes\u00edt\u0151 vizsg\u00e1ra (*.pdf) <a href=\"http:\/\/nszvk.hu\/dokumentumok\/jelentkezesi-lap-kepesito-vizsgara.pdf\" target=\"_blank\" rel=\"noopener\">LET\u00d6LT\u00c9S<\/a><\/h3>\n<h3 style=\"text-align: center;\">Jelentkez\u00e9si lap k\u00e9pes\u00edt\u0151 vizsg\u00e1ra (*.docx) <a href=\"http:\/\/nszvk.hu\/dokumentumok\/jelentkezesi-lap-kepesito-vizsgara.docx\" target=\"_blank\" rel=\"noopener\">LET\u00d6LT\u00c9S<\/a><\/h3>\n<h3 style=\"text-align: center;\">Meghatalmaz\u00e1s <a href=\"http:\/\/nszvk.hu\/dokumentumok\/meghatalmazas-jelentkezoknek.pdf\" target=\"_blank\" rel=\"noopener\">LET\u00d6LT\u00c9S<\/a><\/h3>\n<h3 style=\"text-align: center;\">M\u00e9lt\u00e1nyoss\u00e1gi k\u00e9relem (*.pdf) <a href=\"http:\/\/nszvk.hu\/dokumentumok\/meltanyossagi-kerelem.pdf\" target=\"_blank\" rel=\"noopener\">LET\u00d6LT\u00c9S<\/a><\/h3>\n<h3 style=\"text-align: center;\">T\u00e1j\u00e9koztat\u00f3 <a href=\"http:\/\/nszvk.hu\/dokumentumok\/tajekoztato-jelentkezoknek.pdf\" target=\"_blank\" rel=\"noopener\">LET\u00d6LT\u00c9S<\/a><\/h3>\n<h3 style=\"text-align: center;\">Vizsg\u00e1ra jelentkez\u00e9s folyamata <a href=\"http:\/\/nszvk.hu\/dokumentumok\/vizsgara-jelentkezes-folyamata.pdf\" target=\"_blank\" rel=\"noopener\">LET\u00d6LT\u00c9S<\/a><\/h3>\n<p>[\/vc_column_text][\/vc_column][\/vc_row][vc_row][\/vc_row]<\/p>\n","protected":false},"excerpt":{"rendered":"<p>[vc_row][vc_column][vc_column_text] Felment\u00e9si k\u00e9relem (*.pdf) LET\u00d6LT\u00c9S Jelentkez\u00e9si lap k\u00e9pes\u00edt\u0151 vizsg\u00e1ra (*.pdf) LET\u00d6LT\u00c9S Jelentkez\u00e9si lap k\u00e9pes\u00edt\u0151 vizsg\u00e1ra (*.docx) LET\u00d6LT\u00c9S Meghatalmaz\u00e1s LET\u00d6LT\u00c9S M\u00e9lt\u00e1nyoss\u00e1gi k\u00e9relem (*.pdf) LET\u00d6LT\u00c9S T\u00e1j\u00e9koztat\u00f3 LET\u00d6LT\u00c9S Vizsg\u00e1ra jelentkez\u00e9s folyamata LET\u00d6LT\u00c9S [\/vc_column_text][\/vc_column][\/vc_row][vc_row][\/vc_row]<\/p>\n","protected":false},"author":1,"featured_media":0,"parent":0,"menu_order":0,"comment_status":"closed","ping_status":"closed","template":"","meta":[],"_links":{"self":[{"href":"http:\/\/nszvk.hu\/index.php?rest_route=\/wp\/v2\/pages\/2398"}],"collection":[{"href":"http:\/\/nszvk.hu\/index.php?rest_route=\/wp\/v2\/pages"}],"about":[{"href":"http:\/\/nszvk.hu\/index.php?rest_route=\/wp\/v2\/types\/page"}],"author":[{"embeddable":true,"href":"http:\/\/nszvk.hu\/index.php?rest_route=\/wp\/v2\/users\/1"}],"replies":[{"embeddable":true,"href":"http:\/\/nszvk.hu\/index.php?rest_route=%2Fwp%2Fv2%2Fcomments&post=2398"}],"version-history":[{"count":27,"href":"http:\/\/nszvk.hu\/index.php?rest_route=\/wp\/v2\/pages\/2398\/revisions"}],"predecessor-version":[{"id":4032,"href":"http:\/\/nszvk.hu\/index.php?rest_route=\/wp\/v2\/pages\/2398\/revisions\/4032"}],"wp:attachment":[{"href":"http:\/\/nszvk.hu\/index.php?rest_route=%2Fwp%2Fv2%2Fmedia&parent=2398"}],"curies":[{"name":"wp","href":"https:\/\/api.w.org\/{rel}","templated":true}]}}