{"id":2537,"date":"2022-04-01T08:09:25","date_gmt":"2022-04-01T08:09:25","guid":{"rendered":"http:\/\/nszvk.hu\/?page_id=2537"},"modified":"2026-04-20T09:25:27","modified_gmt":"2026-04-20T09:25:27","slug":"munkatarsaink","status":"publish","type":"page","link":"http:\/\/nszvk.hu\/?page_id=2537","title":{"rendered":"Munkat\u00e1rsaink"},"content":{"rendered":"<p>[vc_row][vc_column width=&#8221;1\/4&#8243;]<div class=\"media rt-info-box  layout2\" style=\"\">\n    <div class=\"rtin-icon\" style=\"\">\n                    <i class=\"fas fa-address-book\" aria-hidden=\"true\" style=\"\"><\/i>\n            <\/div>\n    <div class=\"media-body\">\n        <h3 class=\"media-heading\" style=\"margin-bottom: 5px;font-size: 18px;\">Dr. Moln\u00e1r Zolt\u00e1n<\/h3>\n                    <p class=\"mb0\" style=\"\"><em>vizsgak\u00f6zpont-vezet\u0151<\/em><\/p>\n<p>&nbsp;<\/p>\n<p style=\"text-align: center;margin-top: -20px\"><strong>Tel.: <\/strong>+36 30 411 3389<\/p>\n<p style=\"text-align: center;margin-top: -20px\"><strong>E-mail: <\/strong>molnar.zoltan@nszvk.hu<\/p>\n<p><\/p>\n            <\/div>\n    <div class=\"clear\"><\/div>\n<\/div>[\/vc_column][vc_column width=&#8221;1\/4&#8243;]<div class=\"media rt-info-box  layout2\" style=\"\">\n    <div class=\"rtin-icon\" style=\"\">\n                    <i class=\"fas fa-address-book\" aria-hidden=\"true\" style=\"\"><\/i>\n            <\/div>\n    <div class=\"media-body\">\n        <h3 class=\"media-heading\" style=\"margin-bottom: 5px;font-size: 18px;\">Kov\u00e1cs Julianna<\/h3>\n                    <p class=\"mb0\" style=\"\"><em>ir\u00e1ny\u00edt\u00e1si vezet\u0151<\/em><\/p>\n<p>&nbsp;<\/p>\n<p style=\"text-align: center;margin-top: -20px\"><strong>Tel.: <\/strong>+36 30 106 1364<\/p>\n<p style=\"text-align: center;margin-top: -20px\"><strong>E-mail: <\/strong>kovacs.julianna@nszvk.hu<\/p>\n<p><\/p>\n            <\/div>\n    <div class=\"clear\"><\/div>\n<\/div>[\/vc_column][vc_column width=&#8221;1\/4&#8243;]<div class=\"media rt-info-box  layout2\" style=\"\">\n    <div class=\"rtin-icon\" style=\"\">\n                    <i class=\"far fa-address-book\" aria-hidden=\"true\" style=\"\"><\/i>\n            <\/div>\n    <div class=\"media-body\">\n        <h3 class=\"media-heading\" style=\"margin-bottom: 5px;font-size: 18px;\">Kele Viola<\/h3>\n                    <p class=\"mb0\" style=\"\"><em>vizsgaszervez\u00e9si referens<\/em><\/p>\n<p>&nbsp;<\/p>\n<p style=\"text-align: center;margin-top: -20px\"><strong>Tel.: <\/strong>+36 30 117 5276<\/p>\n<p style=\"text-align: center;margin-top: -20px\"><strong>E-mail: <\/strong>vk@nszvk.hu<\/p>\n<p><\/p>\n            <\/div>\n    <div class=\"clear\"><\/div>\n<\/div>[\/vc_column][vc_column width=&#8221;1\/4&#8243;]<div class=\"media rt-info-box  layout2\" style=\"\">\n    <div class=\"rtin-icon\" style=\"\">\n                    <i class=\"far fa-address-book\" aria-hidden=\"true\" style=\"\"><\/i>\n            <\/div>\n    <div class=\"media-body\">\n        <h3 class=\"media-heading\" style=\"margin-bottom: 5px;font-size: 18px;\">Horv\u00e1th Zita<\/h3>\n                    <p class=\"mb0\" style=\"\"><em>vizsgaszervez\u00e9si referens<\/em><\/p>\n<p>&nbsp;<\/p>\n<p style=\"text-align: center;margin-top: -20px\"><strong>Tel.: <\/strong>+36 30 171 6232<\/p>\n<p style=\"text-align: center;margin-top: -20px\"><strong>E-mail: <\/strong>vizsgaszervezes@nszvk.hu<\/p>\n<p><\/p>\n            <\/div>\n    <div class=\"clear\"><\/div>\n<\/div>[\/vc_column][\/vc_row][vc_row][vc_column width=&#8221;1\/4&#8243;]<div class=\"media rt-info-box  layout2\" style=\"\">\n    <div class=\"rtin-icon\" style=\"\">\n                    <i class=\"far fa-address-book\" aria-hidden=\"true\" style=\"\"><\/i>\n            <\/div>\n    <div class=\"media-body\">\n        <h3 class=\"media-heading\" style=\"margin-bottom: 5px;font-size: 18px;\">Nyirati Vikt\u00f3ria<\/h3>\n                    <p class=\"mb0\" style=\"\"><em>vizsgaszervez\u00e9si referens<\/em><\/p>\n<p>&nbsp;<\/p>\n<p style=\"text-align: center;margin-top: -20px\"><strong>Tel.: <\/strong>+36 30 117 5276<\/p>\n<p style=\"text-align: center;margin-top: -20px\"><strong>E-mail: <\/strong>vknagykanizsai@nszvk.hu<\/p>\n<p><\/p>\n            <\/div>\n    <div class=\"clear\"><\/div>\n<\/div>[\/vc_column][vc_column width=&#8221;1\/4&#8243;]<div class=\"media rt-info-box  layout2\" style=\"\">\n    <div class=\"rtin-icon\" style=\"\">\n                    <i class=\"far fa-address-book\" aria-hidden=\"true\" style=\"\"><\/i>\n            <\/div>\n    <div class=\"media-body\">\n        <h3 class=\"media-heading\" style=\"margin-bottom: 5px;font-size: 18px;\">Smolcz-Borb\u00e9ly Judit<\/h3>\n                    <p class=\"mb0\" style=\"\"><em>vizsgaszervez\u00e9si referens<\/em><\/p>\n<p>&nbsp;<\/p>\n<p style=\"text-align: center;margin-top: -20px\"><strong>Tel.: <\/strong>+36 30 171 3893<\/p>\n<p style=\"text-align: center;margin-top: -20px\"><strong>E-mail: <\/strong>titkarsag@nszvk.hu<\/p>\n<p><\/p>\n            <\/div>\n    <div class=\"clear\"><\/div>\n<\/div>[\/vc_column][vc_column width=&#8221;1\/4&#8243;]<div class=\"media rt-info-box  layout2\" style=\"\">\n    <div class=\"rtin-icon\" style=\"\">\n                    <i class=\"far fa-address-book\" aria-hidden=\"true\" style=\"\"><\/i>\n            <\/div>\n    <div class=\"media-body\">\n        <h3 class=\"media-heading\" style=\"margin-bottom: 5px;font-size: 18px;\">Krizs\u00e1n Lenke Em\u0151ke<\/h3>\n                    <p class=\"mb0\" style=\"\"><em>vizsgaszervez\u00e9si referens<\/em><\/p>\n<p>&nbsp;<\/p>\n<p style=\"text-align: center;margin-top: -20px\"><strong>Tel.: <\/strong>+36 30 171 7166<\/p>\n<p style=\"text-align: center;margin-top: -20px\"><strong>E-mail: <\/strong>nagykanizsaivk@nszvk.hu<\/p>\n<p><\/p>\n            <\/div>\n    <div class=\"clear\"><\/div>\n<\/div>[\/vc_column][vc_column width=&#8221;1\/4&#8243;]<div class=\"media rt-info-box  layout2\" style=\"\">\n    <div class=\"rtin-icon\" style=\"\">\n                    <i class=\"far fa-address-book\" aria-hidden=\"true\" style=\"\"><\/i>\n            <\/div>\n    <div class=\"media-body\">\n        <h3 class=\"media-heading\" style=\"margin-bottom: 5px;font-size: 18px;\">Szita Szandra<\/h3>\n                    <p class=\"mb0\" style=\"\"><em>vizsgaszervez\u00e9si referens<\/em><\/p>\n<p>&nbsp;<\/p>\n<p style=\"text-align: center;margin-top: -20px\"><strong>Tel.: <\/strong>+36 30 171 7166<\/p>\n<p style=\"text-align: center;margin-top: -20px\"><strong>E-mail: <\/strong>szita.szandra@nszvk.hu<\/p>\n<p><\/p>\n            <\/div>\n    <div class=\"clear\"><\/div>\n<\/div>[\/vc_column][\/vc_row]<\/p>\n","protected":false},"excerpt":{"rendered":"<p>[vc_row][vc_column width=&#8221;1\/4&#8243;][\/vc_column][vc_column width=&#8221;1\/4&#8243;][\/vc_column][vc_column width=&#8221;1\/4&#8243;][\/vc_column][vc_column width=&#8221;1\/4&#8243;][\/vc_column][\/vc_row][vc_row][vc_column width=&#8221;1\/4&#8243;][\/vc_column][vc_column width=&#8221;1\/4&#8243;][\/vc_column][vc_column width=&#8221;1\/4&#8243;][\/vc_column][vc_column width=&#8221;1\/4&#8243;][\/vc_column][\/vc_row]<\/p>\n","protected":false},"author":1,"featured_media":0,"parent":0,"menu_order":0,"comment_status":"closed","ping_status":"closed","template":"","meta":[],"_links":{"self":[{"href":"http:\/\/nszvk.hu\/index.php?rest_route=\/wp\/v2\/pages\/2537"}],"collection":[{"href":"http:\/\/nszvk.hu\/index.php?rest_route=\/wp\/v2\/pages"}],"about":[{"href":"http:\/\/nszvk.hu\/index.php?rest_route=\/wp\/v2\/types\/page"}],"author":[{"embeddable":true,"href":"http:\/\/nszvk.hu\/index.php?rest_route=\/wp\/v2\/users\/1"}],"replies":[{"embeddable":true,"href":"http:\/\/nszvk.hu\/index.php?rest_route=%2Fwp%2Fv2%2Fcomments&post=2537"}],"version-history":[{"count":21,"href":"http:\/\/nszvk.hu\/index.php?rest_route=\/wp\/v2\/pages\/2537\/revisions"}],"predecessor-version":[{"id":4235,"href":"http:\/\/nszvk.hu\/index.php?rest_route=\/wp\/v2\/pages\/2537\/revisions\/4235"}],"wp:attachment":[{"href":"http:\/\/nszvk.hu\/index.php?rest_route=%2Fwp%2Fv2%2Fmedia&parent=2537"}],"curies":[{"name":"wp","href":"https:\/\/api.w.org\/{rel}","templated":true}]}}