{"id":3096,"date":"2023-09-13T08:26:44","date_gmt":"2023-09-13T08:26:44","guid":{"rendered":"http:\/\/nszvk.hu\/?page_id=3096"},"modified":"2025-09-10T13:04:53","modified_gmt":"2025-09-10T13:04:53","slug":"szakmai-vizsga","status":"publish","type":"page","link":"http:\/\/nszvk.hu\/?page_id=3096","title":{"rendered":"Szakmai vizsga"},"content":{"rendered":"<p>[vc_row][vc_column][vc_column_text]<\/p>\n<h3 style=\"text-align: center;\">Felment\u00e9si k\u00e9relem (*.pdf) <a href=\"http:\/\/nszvk.hu\/dokumentumok\/felmentesi-kerelem-szakmai-vizsga.pdf\" target=\"_blank\" rel=\"noopener\">LET\u00d6LT\u00c9S<\/a><\/h3>\n<h3 style=\"text-align: center;\">Felment\u00e9si k\u00e9relem &#8211; Szak\u00e9rt\u0151i v\u00e9lem\u00e9ny alapj\u00e1n (*.pdf) <a href=\"http:\/\/nszvk.hu\/dokumentumok\/felmentesi-kerelem-szakertoi-velemeny-alapjan-szakmai-vizsga.pdf\" target=\"_blank\" rel=\"noopener\">LET\u00d6LT\u00c9S<\/a><\/h3>\n<h3 style=\"text-align: center;\">Jelentkez\u00e9si lap szakmai vizsg\u00e1ra (*.pdf) <a href=\"http:\/\/nszvk.hu\/dokumentumok\/jelentkezesi-lap-szakmai-vizsgara.pdf\" target=\"_blank\" rel=\"noopener\">LET\u00d6LT\u00c9S<\/a><\/h3>\n<h3 style=\"text-align: center;\">Jelentkez\u00e9si lap szakmai vizsg\u00e1ra (*.docx) <a href=\"http:\/\/nszvk.hu\/dokumentumok\/jelentkezesi-lap-szakmai-vizsgara.docx\" target=\"_blank\" rel=\"noopener\">LET\u00d6LT\u00c9S<\/a><\/h3>\n<h3 style=\"text-align: center;\">Meghatalmaz\u00e1s (*.docx) <a href=\"http:\/\/nszvk.hu\/dokumentumok\/Meghatalmazas.docx\" target=\"_blank\" rel=\"noopener\">LET\u00d6LT\u00c9S<\/a><\/h3>\n<h3 style=\"text-align: center;\">M\u00e9lt\u00e1nyoss\u00e1gi k\u00e9relem (*.pdf) <a href=\"http:\/\/nszvk.hu\/dokumentumok\/meltanyossagi-kerelem.pdf\" target=\"_blank\" rel=\"noopener\">LET\u00d6LT\u00c9S<\/a><\/h3>\n<h3 style=\"text-align: center;\">T\u00e1j\u00e9koztat\u00f3 <a href=\"http:\/\/nszvk.hu\/dokumentumok\/tajekoztato-jelentkezoknek.pdf\" target=\"_blank\" rel=\"noopener\">LET\u00d6LT\u00c9S<\/a><\/h3>\n<h3 style=\"text-align: center;\">Vizsg\u00e1ra jelentkez\u00e9s folyamata <a href=\"http:\/\/nszvk.hu\/dokumentumok\/vizsgara-jelentkezes-folyamata.pdf\" target=\"_blank\" rel=\"noopener\">LET\u00d6LT\u00c9S<\/a><\/h3>\n<p>[\/vc_column_text][\/vc_column][\/vc_row][vc_row][\/vc_row]<\/p>\n","protected":false},"excerpt":{"rendered":"<p>[vc_row][vc_column][vc_column_text] Felment\u00e9si k\u00e9relem (*.pdf) LET\u00d6LT\u00c9S Felment\u00e9si k\u00e9relem &#8211; Szak\u00e9rt\u0151i v\u00e9lem\u00e9ny alapj\u00e1n (*.pdf) LET\u00d6LT\u00c9S Jelentkez\u00e9si lap szakmai vizsg\u00e1ra (*.pdf) LET\u00d6LT\u00c9S Jelentkez\u00e9si lap szakmai vizsg\u00e1ra (*.docx) LET\u00d6LT\u00c9S Meghatalmaz\u00e1s (*.docx) LET\u00d6LT\u00c9S M\u00e9lt\u00e1nyoss\u00e1gi k\u00e9relem (*.pdf) LET\u00d6LT\u00c9S T\u00e1j\u00e9koztat\u00f3 LET\u00d6LT\u00c9S Vizsg\u00e1ra jelentkez\u00e9s folyamata LET\u00d6LT\u00c9S [\/vc_column_text][\/vc_column][\/vc_row][vc_row][\/vc_row]<\/p>\n","protected":false},"author":1,"featured_media":0,"parent":0,"menu_order":0,"comment_status":"closed","ping_status":"closed","template":"","meta":[],"_links":{"self":[{"href":"http:\/\/nszvk.hu\/index.php?rest_route=\/wp\/v2\/pages\/3096"}],"collection":[{"href":"http:\/\/nszvk.hu\/index.php?rest_route=\/wp\/v2\/pages"}],"about":[{"href":"http:\/\/nszvk.hu\/index.php?rest_route=\/wp\/v2\/types\/page"}],"author":[{"embeddable":true,"href":"http:\/\/nszvk.hu\/index.php?rest_route=\/wp\/v2\/users\/1"}],"replies":[{"embeddable":true,"href":"http:\/\/nszvk.hu\/index.php?rest_route=%2Fwp%2Fv2%2Fcomments&post=3096"}],"version-history":[{"count":8,"href":"http:\/\/nszvk.hu\/index.php?rest_route=\/wp\/v2\/pages\/3096\/revisions"}],"predecessor-version":[{"id":4031,"href":"http:\/\/nszvk.hu\/index.php?rest_route=\/wp\/v2\/pages\/3096\/revisions\/4031"}],"wp:attachment":[{"href":"http:\/\/nszvk.hu\/index.php?rest_route=%2Fwp%2Fv2%2Fmedia&parent=3096"}],"curies":[{"name":"wp","href":"https:\/\/api.w.org\/{rel}","templated":true}]}}