{"id":51,"date":"2021-06-16T07:51:10","date_gmt":"2021-06-16T07:51:10","guid":{"rendered":"http:\/\/nszvk.hu\/index.php\/lp-become-a-teacher\/"},"modified":"2026-01-22T11:25:44","modified_gmt":"2026-01-22T11:25:44","slug":"lp-become-a-teacher-4","status":"publish","type":"page","link":"http:\/\/nszvk.hu\/?page_id=51","title":{"rendered":"Min\u0151s\u00e9gpolitika"},"content":{"rendered":"<p>[vc_row][vc_column][vc_column_text]<\/p>\n<h2 style=\"text-align: center; margin-bottom: 60px;\">Min\u0151s\u00e9gpolitika<\/h2>\n<p style=\"text-align: justify;\"><strong>Vizsgak\u00f6zpontunk<\/strong> az \u00faj szakk\u00e9pz\u00e9si rendszer jogszab\u00e1lyaiban meghat\u00e1rozott akkredit\u00e1lt vizsg\u00e1ztat\u00e1si tev\u00e9kenys\u00e9g folytat\u00e1s\u00e1ra j\u00f6tt l\u00e9tre.<\/p>\n<p style=\"text-align: justify;\">C\u00e9lunk, hogy az akkredit\u00e1ci\u00f3 megszerz\u00e9se ut\u00e1n a szakk\u00e9pz\u00e9s \u00e9s a piaci, gazdas\u00e1gi szerepl\u0151k r\u00e9sz\u00e9r\u0151l felmer\u00fcl\u0151 ig\u00e9nyekre gyorsan \u00e9s rugalmasan reag\u00e1lva, professzion\u00e1lis vizsgaszervez\u00e9ssel \u00e9s lebonyol\u00edt\u00e1ssal min\u00e9l t\u00f6bb jelentkez\u0151 sz\u00e1m\u00e1ra lehet\u0151v\u00e9 tegy\u00fck a v\u00e1lasztott szakmai v\u00e9gzetts\u00e9g megszerz\u00e9s\u00e9t, seg\u00edtve \u0151ket c\u00e9ljaik el\u00e9r\u00e9s\u00e9ben \u00e9s munkaer\u0151piaci lehet\u0151s\u00e9geik b\u0151v\u00edt\u00e9s\u00e9ben.<\/p>\n<p style=\"text-align: justify;\">T\u00f6reksz\u00fcnk a vizsg\u00e1ra jelentkez\u0151k \u00e9s partnereink r\u00e9szletes t\u00e1j\u00e9koztat\u00e1s\u00e1ra, szolg\u00e1ltat\u00e1saink \u00e1tl\u00e1that\u00f3s\u00e1g\u00e1ra, az esetlegesen felmer\u00fcl\u0151 k\u00e9rd\u00e9sek gyors \u00e9s korrekt megv\u00e1laszol\u00e1s\u00e1ra, hogy seg\u00edts\u00fck a vel\u00fcnk kapcsolatba ker\u00fcl\u0151 jelentkez\u0151k, partnerek d\u00f6nt\u00e9seit \u00e9s munk\u00e1j\u00e1t.<\/p>\n<p style=\"text-align: justify;\">Hissz\u00fck, hogy a sikeres m\u0171k\u00f6d\u00e9s z\u00e1loga a min\u0151s\u00e9gi, p\u00e1rtatlan munkav\u00e9gz\u00e9s, az etikus magatart\u00e1s, amelynek \u00e9rdek\u00e9ben bels\u0151 szab\u00e1lyzatainkban egy\u00e9rtelm\u0171en meghat\u00e1rozzuk a felel\u0151ss\u00e9gi- \u00e9s hat\u00e1sk\u00f6r\u00f6ket. Ezek marad\u00e9ktalan betart\u00e1s\u00e1t munkat\u00e1rsainkt\u00f3l elv\u00e1rjuk.<\/p>\n<p style=\"text-align: justify; margin-top: 30px;\"><strong>Elk\u00f6telezettek vagyunk a min\u0151s\u00e9gi munkav\u00e9gz\u00e9s ir\u00e1nt, \u00e9s ennek tudat\u00e1ban:<\/strong><\/p>\n<ul style=\"margin-left: 50px; margin-right: 50px; text-align: justify;\">\n<li>Kiz\u00e1r\u00f3lag olyan vizsg\u00e1ztat\u00f3kkal dolgozunk egy\u00fctt, akik szakmailag magasan k\u00e9pzettek, tapasztalattal rendelkeznek, elfogadj\u00e1k \u00e9s alkalmazz\u00e1k p\u00e1rtatlans\u00e1gi elveinket.<\/li>\n<li>Kiz\u00e1r\u00f3lag olyan helysz\u00edneken szervez\u00fcnk vizsg\u00e1t, melyek korszer\u0171 infrastrukt\u00far\u00e1val rendelkeznek \u00e9s minden k\u00f6vetelm\u00e9nyt kiel\u00e9g\u00edtve kellemes \u00e9s inspir\u00e1l\u00f3 k\u00f6rnyezetet ny\u00fajtanak a vizsg\u00e1khoz.<\/li>\n<li>Olyan vizsgafeladatokkal \u00e9s \u00e9rt\u00e9kel\u00e9si \u00fatmutat\u00f3kkal dolgozunk, melyek a jogszab\u00e1lyi el\u0151\u00edr\u00e1soknak marad\u00e9ktalanul megfelelnek \u00e9s a szakmai tud\u00e1s\/kompetenci\u00e1k m\u00e9r\u00e9s\u00e9re a lehet\u0151 legobjekt\u00edvabb m\u00f3don alkalmasak.<\/li>\n<li>Minden vizsg\u00e1t szab\u00e1lyainknak megfelel\u0151en bonyol\u00edtunk le.<\/li>\n<li>A min\u0151s\u00e9gpolitik\u00e1ban \u00e9s a vezet\u0151s\u00e9gi \u00e1tvizsg\u00e1l\u00e1sban megfogalmazott c\u00e9lok megval\u00f3s\u00edt\u00e1s\u00e1hoz biztos\u00edtjuk az er\u0151forr\u00e1sokat.<\/li>\n<\/ul>\n<p style=\"text-align: justify; margin-top: 30px;\"><strong>Elk\u00f6telezettek vagyunk a min\u0151s\u00e9gi munkav\u00e9gz\u00e9s folyamatos fejleszt\u00e9se ir\u00e1nt; ezt megval\u00f3s\u00edtand\u00f3:<\/strong><\/p>\n<ul style=\"margin-left: 50px; margin-right: 50px; text-align: justify; margin-bottom: 30px;\">\n<li>A vizsg\u00e1ztat\u00f3 szakemberek teljes\u00edtm\u00e9ny\u00e9t rendszeresen \u00e9rt\u00e9kelj\u00fck, v\u00e9lem\u00e9ny\u00fcket \u00e9s javaslataikat a vizsg\u00e1ztat\u00e1si folyamat min\u0151s\u00e9g\u00e9nek jav\u00edt\u00e1sa \u00e9rdek\u00e9ben figyelembe vessz\u00fck.<\/li>\n<li>A vizsg\u00e1z\u00f3k el\u00e9gedetts\u00e9g\u00e9t m\u00e9rj\u00fck \u00e9s \u00e9rt\u00e9kelj\u00fck, e felm\u00e9r\u00e9sek eredm\u00e9nyeit szem el\u0151tt tartjuk folyamataink fejleszt\u00e9se sor\u00e1n.<\/li>\n<li>Munkat\u00e1rsainkat (bele\u00e9rtve a vizsg\u00e1ztat\u00f3 szakembereket) rendszeresen k\u00e9pezz\u00fck a min\u0151s\u00e9gi munkav\u00e9gz\u00e9s \u00e9s a p\u00e1rtatlans\u00e1g ir\u00e1nti elk\u00f6telez\u0151d\u00e9s fenntart\u00e1sa, valamint a tev\u00e9kenys\u00e9g\u00fcket \u00e9rint\u0151 v\u00e1ltoz\u00e1sok megismer\u00e9se \u00e9rdek\u00e9ben.<\/li>\n<li>T\u00f6reksz\u00fcnk a projektfeladatok \u00e9rt\u00e9kel\u00e9s\u00e9nek \u00faj, innovat\u00edv m\u00f3dszereinek alkalmaz\u00e1s\u00e1ra, n\u00f6velve ez\u00e1ltal a k\u00e9pz\u00e9sek hat\u00e9konys\u00e1g\u00e1nak.<\/li>\n<li>Munk\u00e1nk sor\u00e1n hozott d\u00f6nt\u00e9seinkben kiemelt szerepet kapnak a t\u00e1rsadalmi felel\u0151ss\u00e9gv\u00e1llal\u00e1s, k\u00f6rnyezet\u00fcnk v\u00e9delme \u00e9s a k\u00fcl\u00f6nb\u00f6z\u0151 \u00e9lethelyzetekb\u0151l ad\u00f3d\u00f3 egy\u00e9ni ig\u00e9nyek kiel\u00e9g\u00edt\u00e9s\u00e9re val\u00f3 t\u00f6rekv\u00e9s.<\/li>\n<\/ul>\n<p style=\"text-align: justify;\">Fontosnak tartjuk, hogy a vizsg\u00e1ztat\u00e1si folyamatba bevont valamennyi partner\u00fcnk megismerje a Nagykanizsai Szakmai Vizsgak\u00f6zpont min\u0151s\u00e9gpolitik\u00e1j\u00e1t, alapvet\u0151 c\u00e9ljainkat, m\u0171k\u00f6d\u00e9si el\u0151\u00edr\u00e1sainkat.<\/p>\n<p style=\"text-align: justify;\">Tev\u00e9kenys\u00e9g\u00fcnkbe bevont partnereinkt\u0151l elv\u00e1rjuk a k\u00f6vetelm\u00e9nyeknek megfelel\u0151 min\u0151s\u00e9gszint folyamatos biztos\u00edt\u00e1s\u00e1t, valamint min\u0151s\u00e9gfejleszt\u0151 javaslatok felvet\u00e9s\u00e9t, elfogad\u00e1s\u00e1t, megval\u00f3s\u00edt\u00e1s\u00e1t.<\/p>\n<p>&nbsp;<\/p>\n<p style=\"text-align: right;\">Nagykanizsa, 2025. janu\u00e1r 1.<\/p>\n<p style=\"text-align: right;\"><strong><em>Dr. Moln\u00e1r Zolt\u00e1n<br \/>\n<\/em><\/strong><strong><em>vizsgak\u00f6zpont-vezet\u0151<\/em><\/strong><\/p>\n<p>[\/vc_column_text][\/vc_column][\/vc_row]<\/p>\n","protected":false},"excerpt":{"rendered":"<p>[vc_row][vc_column][vc_column_text] Min\u0151s\u00e9gpolitika Vizsgak\u00f6zpontunk az \u00faj szakk\u00e9pz\u00e9si rendszer jogszab\u00e1lyaiban meghat\u00e1rozott akkredit\u00e1lt vizsg\u00e1ztat\u00e1si tev\u00e9kenys\u00e9g folytat\u00e1s\u00e1ra j\u00f6tt l\u00e9tre. C\u00e9lunk, hogy az akkredit\u00e1ci\u00f3 megszerz\u00e9se ut\u00e1n a szakk\u00e9pz\u00e9s \u00e9s a piaci, gazdas\u00e1gi szerepl\u0151k r\u00e9sz\u00e9r\u0151l felmer\u00fcl\u0151 ig\u00e9nyekre gyorsan \u00e9s rugalmasan reag\u00e1lva, professzion\u00e1lis vizsgaszervez\u00e9ssel \u00e9s lebonyol\u00edt\u00e1ssal min\u00e9l t\u00f6bb jelentkez\u0151 sz\u00e1m\u00e1ra lehet\u0151v\u00e9 tegy\u00fck a v\u00e1lasztott szakmai v\u00e9gzetts\u00e9g megszerz\u00e9s\u00e9t, seg\u00edtve \u0151ket c\u00e9ljaik el\u00e9r\u00e9s\u00e9ben \u00e9s [&hellip;]<\/p>\n","protected":false},"author":1,"featured_media":0,"parent":0,"menu_order":0,"comment_status":"closed","ping_status":"closed","template":"","meta":[],"_links":{"self":[{"href":"http:\/\/nszvk.hu\/index.php?rest_route=\/wp\/v2\/pages\/51"}],"collection":[{"href":"http:\/\/nszvk.hu\/index.php?rest_route=\/wp\/v2\/pages"}],"about":[{"href":"http:\/\/nszvk.hu\/index.php?rest_route=\/wp\/v2\/types\/page"}],"author":[{"embeddable":true,"href":"http:\/\/nszvk.hu\/index.php?rest_route=\/wp\/v2\/users\/1"}],"replies":[{"embeddable":true,"href":"http:\/\/nszvk.hu\/index.php?rest_route=%2Fwp%2Fv2%2Fcomments&post=51"}],"version-history":[{"count":13,"href":"http:\/\/nszvk.hu\/index.php?rest_route=\/wp\/v2\/pages\/51\/revisions"}],"predecessor-version":[{"id":4157,"href":"http:\/\/nszvk.hu\/index.php?rest_route=\/wp\/v2\/pages\/51\/revisions\/4157"}],"wp:attachment":[{"href":"http:\/\/nszvk.hu\/index.php?rest_route=%2Fwp%2Fv2%2Fmedia&parent=51"}],"curies":[{"name":"wp","href":"https:\/\/api.w.org\/{rel}","templated":true}]}}